{"id":28,"date":"2024-01-16T10:19:24","date_gmt":"2024-01-16T10:19:24","guid":{"rendered":"http:\/\/british-embassy.test\/?page_id=28"},"modified":"2025-06-23T09:21:42","modified_gmt":"2025-06-23T09:21:42","slug":"info","status":"publish","type":"page","link":"https:\/\/british-embassy.si\/?page_id=28","title":{"rendered":"Kako financirati \u0161tudij?"},"content":{"rendered":"<p>Os estudantes s\u00e3o atra\u00eddos para o Reino Unido para tirar proveito de um sistema de<span style=\"color: #339966;\"> educa\u00e7\u00e3o inigual\u00e1vel onde<\/span> podem estudar em todos os n\u00edveis, desde a aprendizagem do ingl\u00eas at\u00e9 ao doutoramento. O Reino Unido \u00e9 o segundo destino mais popular para estudantes do ensino superior internacionais, representando 10% do total global em 2020.<\/p>\n<p>O Reino Unido tem uma reputa\u00e7\u00e3o global de excel\u00eancia <span style=\"color: #0000ff;\">no campo da educa\u00e7\u00e3o<\/span> e compet\u00eancias que \u00e9 refor\u00e7ada por v\u00e1rias marcas educacionais internacionais, tais como Oxford e Cambridge. A alta qualidade das universidades no Reino Unido \u00e9 reconhecida em todo o mundo.<\/p>\n","protected":false},"excerpt":{"rendered":"<p>Os estudantes s\u00e3o atra\u00eddos para o Reino Unido para tirar proveito de um sistema de educa\u00e7\u00e3o inigual\u00e1vel onde podem estudar em todos os n\u00edveis, desde a aprendizagem do ingl\u00eas at\u00e9 ao doutoramento. O Reino Unido \u00e9 o segundo destino mais popular para estudantes do ensino superior internacionais, representando 10% do total global em 2020. O [&hellip;]<\/p>\n","protected":false},"author":1,"featured_media":0,"parent":0,"menu_order":0,"comment_status":"closed","ping_status":"closed","template":"page_template_info.php","meta":{"_acf_changed":false,"footnotes":""},"class_list":["post-28","page","type-page","status-publish","hentry"],"acf":[],"_links":{"self":[{"href":"https:\/\/british-embassy.si\/index.php?rest_route=\/wp\/v2\/pages\/28","targetHints":{"allow":["GET"]}}],"collection":[{"href":"https:\/\/british-embassy.si\/index.php?rest_route=\/wp\/v2\/pages"}],"about":[{"href":"https:\/\/british-embassy.si\/index.php?rest_route=\/wp\/v2\/types\/page"}],"author":[{"embeddable":true,"href":"https:\/\/british-embassy.si\/index.php?rest_route=\/wp\/v2\/users\/1"}],"replies":[{"embeddable":true,"href":"https:\/\/british-embassy.si\/index.php?rest_route=%2Fwp%2Fv2%2Fcomments&post=28"}],"version-history":[{"count":7,"href":"https:\/\/british-embassy.si\/index.php?rest_route=\/wp\/v2\/pages\/28\/revisions"}],"predecessor-version":[{"id":133,"href":"https:\/\/british-embassy.si\/index.php?rest_route=\/wp\/v2\/pages\/28\/revisions\/133"}],"wp:attachment":[{"href":"https:\/\/british-embassy.si\/index.php?rest_route=%2Fwp%2Fv2%2Fmedia&parent=28"}],"curies":[{"name":"wp","href":"https:\/\/api.w.org\/{rel}","templated":true}]}}